{"id":11,"date":"2025-08-25T15:38:55","date_gmt":"2025-08-25T13:38:55","guid":{"rendered":"https:\/\/dev.bsu-holding.de\/impressum\/"},"modified":"2025-10-16T11:54:38","modified_gmt":"2025-10-16T09:54:38","slug":"impressum","status":"publish","type":"page","link":"https:\/\/bsu-holding.de\/en\/impressum\/","title":{"rendered":"Impressum"},"content":{"rendered":"<div id=\"\" class=\"container-fluid default_hero_child  light\">\n        <div class=\"default_hero_background\" aria-hidden=\"true\" role=\"presentation\" style=\"background-color: var(--cOrange);\">\n                                <\/div>\n        <div class=\"default_hero_child__wrapper container-xl\">\n            <div class=\"row position-relative\">\n                <div class=\"col-12 col-lg-8 d-flex flex-column justify-content-end\">\n                    <div class=\"pb-4\">\n                        <div class=\"secInd light\">BSU Holding GmbH<\/div>\n                        <div class=\"d-flex align-items-center position-relative\">\n                                        <a class=\"cta cta_icon\" href=\"\" target=\"_self\" aria-label=\"Zur\u00fcck\">\n            <div class=\"cta__icon\" role=\"presentation\">\n                <svg xmlns=\"http:\/\/www.w3.org\/2000\/svg\" width=\"60\" height=\"60\" viewbox=\"0 0 60 60\">\n                <g transform=\"translate(-990 -989)\">\n                    <g class=\"cta__icon_background\" transform=\"translate(990 989)\" fill=\"none\" stroke=\"var(--cPrimary)\" stroke-width=\"3\">\n                        <circle class=\"cta__icon_background_cirlce_1\" cx=\"30\" cy=\"30\" r=\"30\" stroke=\"none\"\/>\n                        <circle class=\"cta__icon_background_cirlce_2\" cx=\"30\" cy=\"30\" r=\"28.5\" fill=\"none\"\/>\n                    <\/g>\n                    <g class=\"cta__icon_arrow\" transform=\"translate(-148.5 -0.5)\">\n                        <path data-name=\"Pfad 376\" d=\"M2202.542,1027.044l8.931,8.931-8.931,8.931\" transform=\"translate(-1033.042 -16.544)\" fill=\"none\" stroke=\"var(--cPrimary)\" stroke-linecap=\"round\" stroke-linejoin=\"round\" stroke-width=\"3\"\/>\n                        <line data-name=\"Linie 45\" x1=\"18\" transform=\"translate(1159.5 1019.5)\" fill=\"none\" stroke=\"var(--cPrimary)\" stroke-linecap=\"round\" stroke-width=\"3\"\/>\n                    <\/g>\n                <\/g>\n            <\/svg>            <\/div>\n        <\/a>\n                                <h1 class=\"claim h-4xl mb-0 ps-5 br-no-md cLight\">Impressum<\/h1>\n                        <\/div>\n                                                                    <\/div>\n                <\/div>\n            <\/div>\n        <\/div>\n    <\/div>\n\n\n\n<div class=\"wp-block-group iAos data-aos_fade-in is-vertical is-content-justification-center is-nowrap is-layout-flex wp-container-core-group-is-layout-1f991c2f wp-block-group-is-layout-flex\" style=\"padding-top:2rem;padding-right:0rem;padding-bottom:2rem;padding-left:0rem\"><div class=\"wp-bootstrap-blocks-container container-fluid mb-0\">\n\t\n<div class=\"wp-bootstrap-blocks-container container-xl mb-0 px-lg-5\">\n\t\n<div class=\"wp-bootstrap-blocks-row row\">\n\t\n\n<div class=\"col-12 py-3 py-lg-5\">\n\t\t\t\n\n<p>Angaben gem. \u00a7 5 TMG:<\/p>\n\n\n\n<p><strong>BSU Holding GmbH<\/strong><br>Gewerbestra\u00dfe 15<br>15366 Hoppegarten<\/p>\n\n\n\n<p><strong>Gesch\u00e4ftsf\u00fchrer<br><\/strong>Andr\u00e9 Tischler, Matthias Gommlich<\/p>\n\n\n\n<p><strong>Kontakt<br><\/strong>Tel.: +49 3342 249335-100<br>E-Mail:&nbsp;<a href=\"mailto:office@bsu-holding.de\">office@bsu-holding.de<\/a><\/p>\n\n\n\n<p><strong>Registereintrag<\/strong><br>Eintragung im Handelsregister.<br>Registergericht: Amtsgericht Berlin-Charlottenburg<br>Registernummer: HRB 72394<\/p>\n\n\n\n<p><strong>Umsatzsteuer-ID<br><\/strong>Finanzamt f\u00fcr K\u00f6rperschaften II<br>Umsatzsteuer-Identifikationsnummer gem\u00e4\u00df \u00a727 a Umsatzsteuergesetz: USt.IdNr. DE207567094<\/p>\n\n\n\n<p><strong>Nutzungsbedingungen<\/strong><br>Die BSU Holding GmbH \u00fcbernimmt keinerlei Haftung f\u00fcr Inhalte von Internetseiten anderer Anbieter, die mit den Internetseiten von der BSU Holding GmbH durch sogenannte Links verkn\u00fcpft bzw. verbunden sind.<\/p>\n\n\n\n<p>Das Recht, den Inhalt der Internetseiten jederzeit zu \u00e4ndern, beh\u00e4lt sich BSU Holding GmbH ausdr\u00fccklich vor. Eventuelle daraus ergebene Anspr\u00fcche jeglicher Art sind ausgeschlossen.<\/p>\n\n\n\n<p>Der Kunde ist \u00fcber die Regelungen zum Datenschutz \u00fcber die Erhebung, Nutzung und Verarbeitung der mitgeteilten personenbezogenen Daten ausf\u00fchrlich informiert.<\/p>\n\n\n\n<p>Der Inhalt der Internetseiten ist urheber- und gewerbeschutzrechtlich gesch\u00fctzt. Die ganze oder teilweise Vervielf\u00e4ltigung von Informationen oder Bildern, gleich in welchem Medium, ist ohne vorherige schriftliche Genehmigung durch BSU Holding GmbH nicht gestattet.<\/p>\n\n\n\n<p>Verantwortlich f\u00fcr den Inhalt nach \u00a7 55 Abs. 2 RStV:<\/p>\n\n\n\n<p><strong>BSU Holding GmbH<\/strong><br>Gewerbestra\u00dfe 15<br>15366 Hoppegarten<\/p>\n\n\n\n<p>E-Mail:&nbsp;<a href=\"mailto:office@bsu-holding.de\">office@bsu-holding.de<\/a><\/p>\n\n\n\n<p><strong>Streitschlichtung<\/strong><\/p>\n\n\n\n<p>Die Europ\u00e4ische Kommission stellt eine Plattform zur Online-Streitbeilegung (OS) bereit:<a href=\"https:\/\/ec.europa.eu\/consumers\/odr\">&nbsp;https:\/\/ec.europa.eu\/consumers\/odr<\/a>.<br>Unsere E-Mail-Adresse finden Sie oben im Impressum.<\/p>\n\n\n\n<p>Wir sind nicht bereit oder verpflichtet, an Streitbeilegungsverfahren vor einer Verbraucherschlichtungsstelle teilzunehmen.<br>Haftung f\u00fcr Inhalte<\/p>\n\n\n\n<p>Als Diensteanbieter sind wir gem\u00e4\u00df \u00a7 7 Abs.1 TMG f\u00fcr eigene Inhalte auf diesen Seiten nach den allgemeinen Gesetzen verantwortlich. Nach \u00a7\u00a7 8 bis 10 TMG sind wir als Diensteanbieter jedoch nicht verpflichtet, \u00fcbermittelte oder gespeicherte fremde Informationen zu \u00fcberwachen oder nach Umst\u00e4nden zu forschen, die auf eine rechtswidrige T\u00e4tigkeit hinweisen.<\/p>\n\n\n\n<p>Verpflichtungen zur Entfernung oder Sperrung der Nutzung von Informationen nach den allgemeinen Gesetzen bleiben hiervon unber\u00fchrt. Eine diesbez\u00fcgliche Haftung ist jedoch erst ab dem Zeitpunkt der Kenntnis einer konkreten Rechtsverletzung m\u00f6glich. Bei Bekanntwerden von entsprechenden Rechtsverletzungen werden wir diese Inhalte umgehend entfernen.<br>Haftung f\u00fcr Links<\/p>\n\n\n\n<p>Unser Angebot enth\u00e4lt Links zu externen Websites Dritter, auf deren Inhalte wir keinen Einfluss haben. Deshalb k\u00f6nnen wir f\u00fcr diese fremden Inhalte auch keine Gew\u00e4hr \u00fcbernehmen. F\u00fcr die Inhalte der verlinkten Seiten ist stets der jeweilige Anbieter oder Betreiber der Seiten verantwortlich. Die verlinkten Seiten wurden zum Zeitpunkt der Verlinkung auf m\u00f6gliche Rechtsverst\u00f6\u00dfe \u00fcberpr\u00fcft. Rechtswidrige Inhalte waren zum Zeitpunkt der Verlinkung nicht erkennbar.<\/p>\n\n\n\n<p>Eine permanente inhaltliche Kontrolle der verlinkten Seiten ist jedoch ohne konkrete Anhaltspunkte einer Rechtsverletzung nicht zumutbar. Bei Bekanntwerden von Rechtsverletzungen werden wir derartige Links umgehend entfernen.<br>Urheberrecht<\/p>\n\n\n\n<p>Die durch die Seitenbetreiber erstellten Inhalte und Werke auf diesen Seiten unterliegen dem deutschen Urheberrecht. Die Vervielf\u00e4ltigung, Bearbeitung, Verbreitung und jede Art der Verwertung au\u00dferhalb der Grenzen des Urheberrechtes bed\u00fcrfen der schriftlichen Zustimmung des jeweiligen Autors bzw. Erstellers. Downloads und Kopien dieser Seite sind nur f\u00fcr den privaten, nicht kommerziellen Gebrauch gestattet.<\/p>\n\n\n\n<p>Soweit die Inhalte auf dieser Seite nicht vom Betreiber erstellt wurden, werden die Urheberrechte Dritter beachtet. Insbesondere werden Inhalte Dritter als solche gekennzeichnet. Sollten Sie trotzdem auf eine Urheberrechtsverletzung aufmerksam werden, bitten wir um einen entsprechenden Hinweis. Bei Bekanntwerden von Rechtsverletzungen werden wir derartige Inhalte umgehend entfernen.<\/p>\n\n\t<\/div>\n\n<\/div>\n\n<\/div>\n\n<\/div>\n<\/div>","protected":false},"excerpt":{"rendered":"","protected":false},"author":1,"featured_media":0,"parent":0,"menu_order":0,"comment_status":"closed","ping_status":"closed","template":"","meta":{"inline_featured_image":false,"footnotes":""},"class_list":["post-11","page","type-page","status-publish","hentry"],"yoast_head":"<!-- This site is optimized with the Yoast SEO plugin v27.5 - https:\/\/yoast.com\/product\/yoast-seo-wordpress\/ -->\n<title>BSU Holding - Impressum<\/title>\n<meta name=\"robots\" content=\"noindex, nofollow\" \/>\n<meta property=\"og:locale\" content=\"en_GB\" \/>\n<meta property=\"og:type\" content=\"article\" \/>\n<meta property=\"og:title\" content=\"BSU Holding - Impressum\" \/>\n<meta property=\"og:url\" content=\"https:\/\/bsu-holding.de\/en\/impressum\/\" \/>\n<meta property=\"og:site_name\" content=\"BSU Holding\" \/>\n<meta property=\"article:publisher\" content=\"https:\/\/www.facebook.com\/bsuholding\" \/>\n<meta property=\"article:modified_time\" content=\"2025-10-16T09:54:38+00:00\" \/>\n<meta property=\"og:image\" content=\"https:\/\/bsu-holding.de\/wp-content\/uploads\/bsu-holding-sharepic.png\" \/>\n\t<meta property=\"og:image:width\" content=\"1200\" \/>\n\t<meta property=\"og:image:height\" content=\"675\" \/>\n\t<meta property=\"og:image:type\" content=\"image\/png\" \/>\n<meta name=\"twitter:card\" content=\"summary_large_image\" \/>\n<meta name=\"twitter:label1\" content=\"Estimated reading time\" \/>\n\t<meta name=\"twitter:data1\" content=\"3 minutes\" \/>\n<script type=\"application\/ld+json\" class=\"yoast-schema-graph\">{\"@context\":\"https:\\\/\\\/schema.org\",\"@graph\":[{\"@type\":\"WebPage\",\"@id\":\"https:\\\/\\\/bsu-holding.de\\\/impressum\\\/\",\"url\":\"https:\\\/\\\/bsu-holding.de\\\/impressum\\\/\",\"name\":\"BSU Holding - Impressum\",\"isPartOf\":{\"@id\":\"https:\\\/\\\/bsu-holding.de\\\/#website\"},\"datePublished\":\"2025-08-25T13:38:55+00:00\",\"dateModified\":\"2025-10-16T09:54:38+00:00\",\"breadcrumb\":{\"@id\":\"https:\\\/\\\/bsu-holding.de\\\/impressum\\\/#breadcrumb\"},\"inLanguage\":\"en-GB\",\"potentialAction\":[{\"@type\":\"ReadAction\",\"target\":[\"https:\\\/\\\/bsu-holding.de\\\/impressum\\\/\"]}]},{\"@type\":\"BreadcrumbList\",\"@id\":\"https:\\\/\\\/bsu-holding.de\\\/impressum\\\/#breadcrumb\",\"itemListElement\":[{\"@type\":\"ListItem\",\"position\":1,\"name\":\"Startseite\",\"item\":\"https:\\\/\\\/bsu-holding.de\\\/\"},{\"@type\":\"ListItem\",\"position\":2,\"name\":\"Impressum\"}]},{\"@type\":\"WebSite\",\"@id\":\"https:\\\/\\\/bsu-holding.de\\\/#website\",\"url\":\"https:\\\/\\\/bsu-holding.de\\\/\",\"name\":\"BSU Holding\",\"description\":\"Wir machen neu\",\"publisher\":{\"@id\":\"https:\\\/\\\/bsu-holding.de\\\/#organization\"},\"alternateName\":\"BSU Holding GmbH\",\"potentialAction\":[{\"@type\":\"SearchAction\",\"target\":{\"@type\":\"EntryPoint\",\"urlTemplate\":\"https:\\\/\\\/bsu-holding.de\\\/?s={search_term_string}\"},\"query-input\":{\"@type\":\"PropertyValueSpecification\",\"valueRequired\":true,\"valueName\":\"search_term_string\"}}],\"inLanguage\":\"en-GB\"},{\"@type\":\"Organization\",\"@id\":\"https:\\\/\\\/bsu-holding.de\\\/#organization\",\"name\":\"BSU Holding GmbH\",\"url\":\"https:\\\/\\\/bsu-holding.de\\\/\",\"logo\":{\"@type\":\"ImageObject\",\"inLanguage\":\"en-GB\",\"@id\":\"https:\\\/\\\/bsu-holding.de\\\/#\\\/schema\\\/logo\\\/image\\\/\",\"url\":\"https:\\\/\\\/bsu-holding.de\\\/wp-content\\\/uploads\\\/bsu-logo.svg\",\"contentUrl\":\"https:\\\/\\\/bsu-holding.de\\\/wp-content\\\/uploads\\\/bsu-logo.svg\",\"width\":235,\"height\":235,\"caption\":\"BSU Holding GmbH\"},\"image\":{\"@id\":\"https:\\\/\\\/bsu-holding.de\\\/#\\\/schema\\\/logo\\\/image\\\/\"},\"sameAs\":[\"https:\\\/\\\/www.facebook.com\\\/bsuholding\",\"https:\\\/\\\/www.instagram.com\\\/bsuholding\\\/\",\"https:\\\/\\\/www.youtube.com\\\/channel\\\/UCm5JPW-jXajawi4KJe6KzUA\"]}]}<\/script>\n<!-- \/ Yoast SEO plugin. -->","yoast_head_json":{"title":"BSU Holding - Impressum","robots":{"index":"noindex","follow":"nofollow"},"og_locale":"en_GB","og_type":"article","og_title":"BSU Holding - Impressum","og_url":"https:\/\/bsu-holding.de\/en\/impressum\/","og_site_name":"BSU Holding","article_publisher":"https:\/\/www.facebook.com\/bsuholding","article_modified_time":"2025-10-16T09:54:38+00:00","og_image":[{"width":1200,"height":675,"url":"https:\/\/bsu-holding.de\/wp-content\/uploads\/bsu-holding-sharepic.png","type":"image\/png"}],"twitter_card":"summary_large_image","twitter_misc":{"Estimated reading time":"3 minutes"},"schema":{"@context":"https:\/\/schema.org","@graph":[{"@type":"WebPage","@id":"https:\/\/bsu-holding.de\/impressum\/","url":"https:\/\/bsu-holding.de\/impressum\/","name":"BSU Holding - Impressum","isPartOf":{"@id":"https:\/\/bsu-holding.de\/#website"},"datePublished":"2025-08-25T13:38:55+00:00","dateModified":"2025-10-16T09:54:38+00:00","breadcrumb":{"@id":"https:\/\/bsu-holding.de\/impressum\/#breadcrumb"},"inLanguage":"en-GB","potentialAction":[{"@type":"ReadAction","target":["https:\/\/bsu-holding.de\/impressum\/"]}]},{"@type":"BreadcrumbList","@id":"https:\/\/bsu-holding.de\/impressum\/#breadcrumb","itemListElement":[{"@type":"ListItem","position":1,"name":"Startseite","item":"https:\/\/bsu-holding.de\/"},{"@type":"ListItem","position":2,"name":"Impressum"}]},{"@type":"WebSite","@id":"https:\/\/bsu-holding.de\/#website","url":"https:\/\/bsu-holding.de\/","name":"BSU Holding","description":"Wir machen neu","publisher":{"@id":"https:\/\/bsu-holding.de\/#organization"},"alternateName":"BSU Holding GmbH","potentialAction":[{"@type":"SearchAction","target":{"@type":"EntryPoint","urlTemplate":"https:\/\/bsu-holding.de\/?s={search_term_string}"},"query-input":{"@type":"PropertyValueSpecification","valueRequired":true,"valueName":"search_term_string"}}],"inLanguage":"en-GB"},{"@type":"Organization","@id":"https:\/\/bsu-holding.de\/#organization","name":"BSU Holding GmbH","url":"https:\/\/bsu-holding.de\/","logo":{"@type":"ImageObject","inLanguage":"en-GB","@id":"https:\/\/bsu-holding.de\/#\/schema\/logo\/image\/","url":"https:\/\/bsu-holding.de\/wp-content\/uploads\/bsu-logo.svg","contentUrl":"https:\/\/bsu-holding.de\/wp-content\/uploads\/bsu-logo.svg","width":235,"height":235,"caption":"BSU Holding GmbH"},"image":{"@id":"https:\/\/bsu-holding.de\/#\/schema\/logo\/image\/"},"sameAs":["https:\/\/www.facebook.com\/bsuholding","https:\/\/www.instagram.com\/bsuholding\/","https:\/\/www.youtube.com\/channel\/UCm5JPW-jXajawi4KJe6KzUA"]}]}},"acf":[],"_links":{"self":[{"href":"https:\/\/bsu-holding.de\/en\/wp-json\/wp\/v2\/pages\/11","targetHints":{"allow":["GET"]}}],"collection":[{"href":"https:\/\/bsu-holding.de\/en\/wp-json\/wp\/v2\/pages"}],"about":[{"href":"https:\/\/bsu-holding.de\/en\/wp-json\/wp\/v2\/types\/page"}],"author":[{"embeddable":true,"href":"https:\/\/bsu-holding.de\/en\/wp-json\/wp\/v2\/users\/1"}],"replies":[{"embeddable":true,"href":"https:\/\/bsu-holding.de\/en\/wp-json\/wp\/v2\/comments?post=11"}],"version-history":[{"count":8,"href":"https:\/\/bsu-holding.de\/en\/wp-json\/wp\/v2\/pages\/11\/revisions"}],"predecessor-version":[{"id":891,"href":"https:\/\/bsu-holding.de\/en\/wp-json\/wp\/v2\/pages\/11\/revisions\/891"}],"wp:attachment":[{"href":"https:\/\/bsu-holding.de\/en\/wp-json\/wp\/v2\/media?parent=11"}],"curies":[{"name":"wp","href":"https:\/\/api.w.org\/{rel}","templated":true}]}}